{"id":157,"date":"2015-12-01T18:58:25","date_gmt":"2015-12-01T18:58:25","guid":{"rendered":"http:\/\/vanwijaarda.nl\/?page_id=157"},"modified":"2015-12-02T08:52:08","modified_gmt":"2015-12-02T08:52:08","slug":"fiscale-diensten","status":"publish","type":"page","link":"https:\/\/vanwijaarda.nl\/index.php\/fiscale-diensten\/","title":{"rendered":"Fiscale Diensten"},"content":{"rendered":"<p>Als professioneel ondernemer wilt u maar \u00e9\u00e9n ding: ondernemen. Daarom draagt u uw financi\u00eble en fiscale zaken over aan deskundigen. Administratiekantoor van Wijaarda heeft alle specialismen waar u als ondernemer behoefte aan heeft, in huis. Onder \u00e9\u00e9n dak! Zodat wij een passend antwoord op elk niveau kunnen bieden.<\/p>\n<p>Alles draait om de perfecte timing Wanneer moet u de opvolging regelen? Wordt het niet eens tijd om van rechtsvorm te veranderen? Is het lucratief om de administratie uit te besteden? Bij Administratiekantoor van Wijaarda treft u betrokken specialisten die graag en tijdig met u meedenken. Een kopzorg minder!<\/p>\n<p>Ondernemen is plannen. Veel ondernemers komen op een bepaald moment voor vragen te staan waar ze graag een gedegen antwoord op willen. Dat antwoord kan Administratiekantoor van Wijaarda u geven. Op basis van volledige gegevens en realistische prognoses. En geruggesteund met gefundeerde advisering op financieel en fiscaal gebied.<\/p>\n<p>Het is voor u als ondernemer van het grootste belang om optimaal gebruik te maken van de fiscale mogelijkheden. Daarom bevelen wij u van harte onze fiscale diensten aan:<\/p>\n<p>Adviseren bij en omzetten van de rechtsvorm voor de uitoefening van uw onderneming, bijvoorbeeld de eenmanszaak of de BV.<br \/>\nHet opstellen van een fiscaal en financieel plan. Gericht op de lange termijn en voorzien van realistische prognoses.<br \/>\nHet tijdig verzorgen van de aangifte inkomstenbelasting<br \/>\nHet tijdig verzorgen van de aangifte loonbelasting<br \/>\nHet tijdig verzorgen van de aangifte omzetbelasting<br \/>\nHet tijdig verzorgen van de aangifte vennootschapsbelasting<br \/>\nHet tijdig verzorgen van de aangifte dividend belasting<br \/>\nSuccessie en schenking<br \/>\nHet verzorgen van een second opinion<\/p>\n<p><a href=\"http:\/\/vanwijaarda.nl\/index.php\/#section-11\">\u00ab Terug<\/a><\/p>\n","protected":false},"excerpt":{"rendered":"<p>Als professioneel ondernemer wilt u maar \u00e9\u00e9n ding: ondernemen. Daarom draagt u uw financi\u00eble en fiscale zaken over aan deskundigen. Administratiekantoor van Wijaarda heeft alle specialismen waar u als ondernemer behoefte aan heeft, in huis. Onder \u00e9\u00e9n dak! Zodat wij een passend antwoord op elk niveau kunnen bieden. Alles draait om de perfecte timing Wanneer&#8230;<\/p>\n","protected":false},"author":2,"featured_media":0,"parent":0,"menu_order":0,"comment_status":"closed","ping_status":"closed","template":"","meta":{"footnotes":""},"class_list":["post-157","page","type-page","status-publish","hentry"],"_links":{"self":[{"href":"https:\/\/vanwijaarda.nl\/index.php\/wp-json\/wp\/v2\/pages\/157","targetHints":{"allow":["GET"]}}],"collection":[{"href":"https:\/\/vanwijaarda.nl\/index.php\/wp-json\/wp\/v2\/pages"}],"about":[{"href":"https:\/\/vanwijaarda.nl\/index.php\/wp-json\/wp\/v2\/types\/page"}],"author":[{"embeddable":true,"href":"https:\/\/vanwijaarda.nl\/index.php\/wp-json\/wp\/v2\/users\/2"}],"replies":[{"embeddable":true,"href":"https:\/\/vanwijaarda.nl\/index.php\/wp-json\/wp\/v2\/comments?post=157"}],"version-history":[{"count":4,"href":"https:\/\/vanwijaarda.nl\/index.php\/wp-json\/wp\/v2\/pages\/157\/revisions"}],"predecessor-version":[{"id":166,"href":"https:\/\/vanwijaarda.nl\/index.php\/wp-json\/wp\/v2\/pages\/157\/revisions\/166"}],"wp:attachment":[{"href":"https:\/\/vanwijaarda.nl\/index.php\/wp-json\/wp\/v2\/media?parent=157"}],"curies":[{"name":"wp","href":"https:\/\/api.w.org\/{rel}","templated":true}]}}